{"id":242911,"date":"2024-04-23T16:40:23","date_gmt":"2024-04-23T08:40:23","guid":{"rendered":"https:\/\/www.bcn.travel\/?page_id=242911"},"modified":"2025-03-28T19:17:49","modified_gmt":"2025-03-28T11:17:49","slug":"refund-and-cancellation-policy","status":"publish","type":"page","link":"https:\/\/www.bcn.travel\/fr\/refund-and-cancellation-policy\/","title":{"rendered":"politique de remboursement et d'annulation"},"content":{"rendered":"<p>POLITIQUE D'ANNULATION POUR LES VISITES ET LES TRANSFERTS<\/p>\n\n\n\n<p>* Cancellation until 2 days prior to start date: Free cancellation \u2013 full refund!<br>* Annulation moins de 2 jours avant la date et l'heure de d\u00e9but ou non-pr\u00e9sentation : 100% du montant total.<\/p>\n\n\n\n<p>POLITIQUE D'ANNULATION DES BILLETS POUR LA SAGRADA FAMILIA, LE PARC GUELL ET LE CAMP NOU<\/p>\n\n\n\n<p>* Cancellation until 14 days prior to start date: Free cancellation \u2013 full refund!<br>* Annulation moins de 14 jours avant la date et l'heure de d\u00e9but ou non-pr\u00e9sentation : 100% du montant total.<\/p>\n\n\n\n<p>POLITIQUE D'ANNULATION POUR L'H\u00c9BERGEMENT<\/p>\n\n\n\n<p>* Annulation jusqu'au dernier jour d'annulation indiqu\u00e9 pour chaque chambre ou appartement : gratuit !<br>* Annulation apr\u00e8s le dernier jour d'annulation indiqu\u00e9 pour chaque chambre ou appartement ou non-pr\u00e9sentation : 100% du montant total.<\/p>\n\n\n\n<p>Les annulations doivent toujours \u00eatre faites par \u00e9crit, par courriel ou par lettre.<\/p>","protected":false},"excerpt":{"rendered":"<p>CANCELLATION POLICY FOR TOURS AND TRANSFERS * Cancellation until 2 days prior to start date: Free cancellation \u2013 full refund!* Cancellation less&hellip;<\/p>","protected":false},"author":265,"featured_media":0,"parent":0,"menu_order":0,"comment_status":"closed","ping_status":"closed","template":"","meta":{"_acf_changed":false,"inline_featured_image":false,"_uag_custom_page_level_css":"","footnotes":""},"class_list":["post-242911","page","type-page","status-publish","hentry"],"acf":[],"uagb_featured_image_src":{"full":false,"thumbnail":false,"medium":false,"medium_large":false,"large":false,"1536x1536":false,"2048x2048":false,"trp-custom-language-flag":false,"list-item-382":false,"list-item-446":false,"list-item-400":false},"uagb_author_info":{"display_name":"hivista","author_link":"https:\/\/www.bcn.travel\/fr\/author\/hivista\/"},"uagb_comment_info":0,"uagb_excerpt":"CANCELLATION POLICY FOR TOURS AND TRANSFERS * Cancellation until 2 days prior to start date: Free cancellation \u2013 full refund!* Cancellation less&hellip;","_links":{"self":[{"href":"https:\/\/www.bcn.travel\/fr\/wp-json\/wp\/v2\/pages\/242911","targetHints":{"allow":["GET"]}}],"collection":[{"href":"https:\/\/www.bcn.travel\/fr\/wp-json\/wp\/v2\/pages"}],"about":[{"href":"https:\/\/www.bcn.travel\/fr\/wp-json\/wp\/v2\/types\/page"}],"author":[{"embeddable":true,"href":"https:\/\/www.bcn.travel\/fr\/wp-json\/wp\/v2\/users\/265"}],"replies":[{"embeddable":true,"href":"https:\/\/www.bcn.travel\/fr\/wp-json\/wp\/v2\/comments?post=242911"}],"version-history":[{"count":2,"href":"https:\/\/www.bcn.travel\/fr\/wp-json\/wp\/v2\/pages\/242911\/revisions"}],"predecessor-version":[{"id":257809,"href":"https:\/\/www.bcn.travel\/fr\/wp-json\/wp\/v2\/pages\/242911\/revisions\/257809"}],"wp:attachment":[{"href":"https:\/\/www.bcn.travel\/fr\/wp-json\/wp\/v2\/media?parent=242911"}],"curies":[{"name":"wp","href":"https:\/\/api.w.org\/{rel}","templated":true}]}}