{"id":627,"date":"2012-03-19T14:42:57","date_gmt":"2012-03-19T14:42:57","guid":{"rendered":"http:\/\/bcn-travel.com\/admin\/bcn\/?page_id=627"},"modified":"2024-07-01T22:09:00","modified_gmt":"2024-07-01T14:09:00","slug":"imprimir","status":"publish","type":"page","link":"https:\/\/www.bcn.travel\/es\/imprimir\/","title":{"rendered":"Imprimir"},"content":{"rendered":"<p>BCN Travel<\/p>\n\n\n\n<p>parte de Local Travel Solutions S.L.<\/p>\n\n\n\n<p>Muelle de Marina 1<br>08005 Barcelona<\/p>\n\n\n\n<p>N\u00ba IVA\/CIF: (ES-)B66164567<\/p>\n\n\n\n<p>Local Travel Solutions S.L. est\u00e1 inscrita en el Registro Mercantil de Barcelona, en el TOMO 44036, Folio 96, Hoja B-445244, Inscripci\u00f3 1, com ag\u00e8ncia de viatges n\u00famero de llic\u00e8ncia GC-3341 de la Generalitat de Catalunya.<\/p>\n\n\n\n<p>Local Travel Solutions S.L. est\u00e1 inscrita en el Registro Mercantil de Barcelona, en TOMO 44036, Folio 96, Hoja B-445244, Inscripci\u00f3n 1, con el n\u00famero de licencia oficial GC-3341 de la Generalitat de Catalunya.<\/p>\n\n\n\n<h3 class=\"wp-block-heading\">Condiciones de uso y exactitud de la informaci\u00f3n<\/h3>\n\n\n\n<p>La informaci\u00f3n de nuestro sitio web puede contener fallos, errores, problemas u otras limitaciones. No asumimos responsabilidad alguna por errores u omisiones en nuestro sitio, ni por p\u00e9rdidas o da\u00f1os derivados directa o indirectamente de la posesi\u00f3n, publicaci\u00f3n o uso de la informaci\u00f3n obtenida en nuestro sitio web, o de la confianza depositada en ella. Se proporciona de buena fe, pero sin garant\u00eda expresa o impl\u00edcita.<\/p>\n\n\n\n<p>Intentamos garantizar que la informaci\u00f3n contenida en su sitio web y en los de nuestros socios sea exacta y est\u00e9 actualizada, pero las personas que pretendan actuar sobre la base de cualquier informaci\u00f3n contenida en estos sitios deben comprobar primero con nosotros si existe alguna informaci\u00f3n posterior disponible.<\/p>\n\n\n\n<h3 class=\"wp-block-heading\">Enlaces externos<\/h3>\n\n\n\n<p>Nuestro portal contiene enlaces a otros sitios web no asociados con nosotros. Dichos enlaces no suponen la aprobaci\u00f3n de ninguna informaci\u00f3n, producto o servicio de tales sitios, y ninguna informaci\u00f3n de los sitios externos ha sido avalada o aprobada por nosotros.<\/p>\n\n\n\n<p>Si tiene alguna pregunta al respecto, p\u00f3ngase en contacto con nosotros.<\/p>","protected":false},"excerpt":{"rendered":"<p>BCN Travel part of Local Travel Solutions S.L. Moll de Marina 108005 Barcelona VAT-No.\/CIF: (ES-)B66164567 Local Travel Solutions S.L. est\u00e0 inscrit al&hellip;<\/p>","protected":false},"author":1,"featured_media":0,"parent":0,"menu_order":0,"comment_status":"closed","ping_status":"closed","template":"","meta":{"_acf_changed":false,"inline_featured_image":false,"_uag_custom_page_level_css":"","footnotes":""},"class_list":["post-627","page","type-page","status-publish","hentry"],"acf":[],"uagb_featured_image_src":{"full":false,"thumbnail":false,"medium":false,"medium_large":false,"large":false,"1536x1536":false,"2048x2048":false,"trp-custom-language-flag":false,"list-item-382":false,"list-item-446":false,"list-item-400":false},"uagb_author_info":{"display_name":"BCN Travel - Christian","author_link":"https:\/\/www.bcn.travel\/es\/author\/mylocaltrip\/"},"uagb_comment_info":0,"uagb_excerpt":"BCN Travel part of Local Travel Solutions S.L. Moll de Marina 108005 Barcelona VAT-No.\/CIF: (ES-)B66164567 Local Travel Solutions S.L. est\u00e0 inscrit al&hellip;","_links":{"self":[{"href":"https:\/\/www.bcn.travel\/es\/wp-json\/wp\/v2\/pages\/627","targetHints":{"allow":["GET"]}}],"collection":[{"href":"https:\/\/www.bcn.travel\/es\/wp-json\/wp\/v2\/pages"}],"about":[{"href":"https:\/\/www.bcn.travel\/es\/wp-json\/wp\/v2\/types\/page"}],"author":[{"embeddable":true,"href":"https:\/\/www.bcn.travel\/es\/wp-json\/wp\/v2\/users\/1"}],"replies":[{"embeddable":true,"href":"https:\/\/www.bcn.travel\/es\/wp-json\/wp\/v2\/comments?post=627"}],"version-history":[{"count":3,"href":"https:\/\/www.bcn.travel\/es\/wp-json\/wp\/v2\/pages\/627\/revisions"}],"predecessor-version":[{"id":249101,"href":"https:\/\/www.bcn.travel\/es\/wp-json\/wp\/v2\/pages\/627\/revisions\/249101"}],"wp:attachment":[{"href":"https:\/\/www.bcn.travel\/es\/wp-json\/wp\/v2\/media?parent=627"}],"curies":[{"name":"wp","href":"https:\/\/api.w.org\/{rel}","templated":true}]}}