{"id":627,"date":"2012-03-19T14:42:57","date_gmt":"2012-03-19T14:42:57","guid":{"rendered":"http:\/\/bcn-travel.com\/admin\/bcn\/?page_id=627"},"modified":"2024-07-01T22:09:00","modified_gmt":"2024-07-01T14:09:00","slug":"impressum","status":"publish","type":"page","link":"https:\/\/www.bcn.travel\/de\/impressum\/","title":{"rendered":"Impressum"},"content":{"rendered":"<p>BCN Reisen<\/p>\n\n\n\n<p>Teil von Local Travel Solutions S.L.<\/p>\n\n\n\n<p>Moll de Marina 1<br>08005 Barcelona<\/p>\n\n\n\n<p>MwSt.-Nr.\/CIF: (ES-)B66164567<\/p>\n\n\n\n<p>Local Travel Solutions S.L. est\u00e0 inscrit al Registre Mercantil de Barcelona, en el TOMO 44036, Folio 96, Hoja B-445244, Inscripci\u00f3 1, com ag\u00e8ncia de viatges n\u00famero de llic\u00e8ncia GC-3341 de la Generalitat de Catalunya.<\/p>\n\n\n\n<p>Local Travel Solutions S.L. ist eingetragen im Registro Mercantil de Barcelona, in TOMO 44036, Folio 96, Hoja B-445244, Inscription 1, mit der offiziellen Lizenznummer GC-3341 der Generalitat de Catalunya.<\/p>\n\n\n\n<h3 class=\"wp-block-heading\">Nutzungsbedingungen &amp; Richtigkeit der Informationen<\/h3>\n\n\n\n<p>Die Informationen auf unserer Website k\u00f6nnen Bugs, Fehler, Probleme oder andere Einschr\u00e4nkungen enthalten. Wir \u00fcbernehmen keine Haftung oder Verantwortung f\u00fcr etwaige Fehler oder Auslassungen auf unserer Website oder f\u00fcr Verluste oder Sch\u00e4den, die direkt oder indirekt aus dem Besitz, der Ver\u00f6ffentlichung oder der Nutzung von oder dem Vertrauen auf Informationen von unserer Website entstehen. Sie wird in gutem Glauben, aber ohne ausdr\u00fcckliche oder stillschweigende Garantie bereitgestellt.<\/p>\n\n\n\n<p>Wir bem\u00fchen uns, dass die Informationen auf unserer Website und auf den Websites unserer Partner korrekt und aktuell sind, aber Personen, die auf der Grundlage von Informationen auf diesen Websites handeln wollen, sollten sich zun\u00e4chst bei uns erkundigen, ob neuere Informationen verf\u00fcgbar sind.<\/p>\n\n\n\n<h3 class=\"wp-block-heading\">Externe Links<\/h3>\n\n\n\n<p>Unser Portal enth\u00e4lt Links zu anderen Websites, die nicht mit uns verbunden sind. Solche Links sind keine Billigung von Informationen, Produkten oder Dienstleistungen auf diesen Seiten, und keine Informationen auf externen Seiten wurden von uns gebilligt oder genehmigt.<\/p>\n\n\n\n<p>Wenn Sie Fragen zu den oben genannten Punkten haben, wenden Sie sich bitte an uns.<\/p>","protected":false},"excerpt":{"rendered":"<p>BCN Travel Teil von Local Travel Solutions S.L. Moll de Marina 108005 Barcelona VAT-Nr.\/CIF: (ES-)B66164567 Local Travel Solutions S.L. est\u00e0 inscrit al...<\/p>","protected":false},"author":1,"featured_media":0,"parent":0,"menu_order":0,"comment_status":"closed","ping_status":"closed","template":"","meta":{"_acf_changed":false,"inline_featured_image":false,"_uag_custom_page_level_css":"","footnotes":""},"class_list":["post-627","page","type-page","status-publish","hentry"],"acf":[],"uagb_featured_image_src":{"full":false,"thumbnail":false,"medium":false,"medium_large":false,"large":false,"1536x1536":false,"2048x2048":false,"trp-custom-language-flag":false,"list-item-382":false,"list-item-446":false,"list-item-400":false},"uagb_author_info":{"display_name":"BCN Travel - Christian","author_link":"https:\/\/www.bcn.travel\/de\/author\/mylocaltrip\/"},"uagb_comment_info":0,"uagb_excerpt":"BCN Travel part of Local Travel Solutions S.L. Moll de Marina 108005 Barcelona VAT-No.\/CIF: (ES-)B66164567 Local Travel Solutions S.L. est\u00e0 inscrit al&hellip;","_links":{"self":[{"href":"https:\/\/www.bcn.travel\/de\/wp-json\/wp\/v2\/pages\/627","targetHints":{"allow":["GET"]}}],"collection":[{"href":"https:\/\/www.bcn.travel\/de\/wp-json\/wp\/v2\/pages"}],"about":[{"href":"https:\/\/www.bcn.travel\/de\/wp-json\/wp\/v2\/types\/page"}],"author":[{"embeddable":true,"href":"https:\/\/www.bcn.travel\/de\/wp-json\/wp\/v2\/users\/1"}],"replies":[{"embeddable":true,"href":"https:\/\/www.bcn.travel\/de\/wp-json\/wp\/v2\/comments?post=627"}],"version-history":[{"count":3,"href":"https:\/\/www.bcn.travel\/de\/wp-json\/wp\/v2\/pages\/627\/revisions"}],"predecessor-version":[{"id":249101,"href":"https:\/\/www.bcn.travel\/de\/wp-json\/wp\/v2\/pages\/627\/revisions\/249101"}],"wp:attachment":[{"href":"https:\/\/www.bcn.travel\/de\/wp-json\/wp\/v2\/media?parent=627"}],"curies":[{"name":"wp","href":"https:\/\/api.w.org\/{rel}","templated":true}]}}