{"id":2594,"date":"2013-05-27T16:53:11","date_gmt":"2013-05-27T16:53:11","guid":{"rendered":"https:\/\/www.bcn.travel\/?page_id=2594"},"modified":"2025-01-10T19:56:20","modified_gmt":"2025-01-10T11:56:20","slug":"arbeitsplatze","status":"publish","type":"page","link":"https:\/\/www.bcn.travel\/de\/arbeitsplatze\/","title":{"rendered":"Stellenangebote"},"content":{"rendered":"<h2 class=\"wp-block-heading\">Wir stellen ein!<\/h2>\n\n\n\n<p>Zurzeit bieten wir spannende Praktikumsm\u00f6glichkeiten in Barcelona an.<\/p>\n\n\n\n<p>Unser B\u00fcro ist (fast) papierlos und wir haben eine Nespresso-Maschine - das ist kein langweiliges Praktikum, bei dem Sie Kopien und Kaffee f\u00fcr Ihre Kollegen machen m\u00fcssen!!!<\/p>\n\n\n\n<p>Wir sind auf der Suche nach hochmotivierten Praktikanten, die eine Herausforderung suchen! - Erwarten Sie, viel zu lernen und Verantwortung in Ihrem Praktikum bei uns zu \u00fcbernehmen!<\/p>\n\n\n\n<p>Bitte senden Sie uns Ihre Bewerbung mit Lebenslauf und Angabe der gew\u00fcnschten Praktikumsdaten an <strong>info (at) www.bcn.travel<\/strong><\/p>\n\n\n\n<h2 class=\"wp-block-heading\">Praktikum Touristische Operationen<\/h2>\n\n\n\n<p>In unserer Abteilung f\u00fcr touristische Abl\u00e4ufe erhalten Sie Einblicke in folgende Bereiche:<\/p>\n\n\n\n<ul class=\"wp-block-list\">\n<li>Gruppenreiseveranstalter<\/li>\n\n\n\n<li>Verwaltung von Reservierungen<\/li>\n\n\n\n<li>Kundenkorrespondenz und -service<\/li>\n\n\n\n<li>Produktentwicklung<\/li>\n\n\n\n<li>Verhandlungen mit Anbietern<\/li>\n<\/ul>\n\n\n\n<p>Da 90% unserer Kunden aus dem Ausland kommen, ist die allgemeine Sprache in unserem internationalen Team Englisch. F\u00fcr die Kommunikation mit unseren Partnern und Dienstleistern vor Ort ist jedoch auch Spanisch erforderlich.<\/p>\n\n\n\n<h3 class=\"wp-block-heading\">Das Profil des Antragstellers:<\/h3>\n\n\n\n<ul class=\"wp-block-list\">\n<li>Student des Tourismusmanagements oder einer \u00e4hnlichen Laufbahn<\/li>\n\n\n\n<li>Allgemeine Kenntnisse \u00fcber touristische Strukturen<\/li>\n\n\n\n<li>Reiseaffinit\u00e4t - schlie\u00dflich machen wir unseren Job, weil wir gerne reisen!<\/li>\n\n\n\n<li>Flie\u00dfendes Englisch in Wort und Schrift, mittleres bis flie\u00dfendes Spanisch, weitere Sprachen von gro\u00dfem Vorteil (insbesondere Deutsch, Italienisch oder Franz\u00f6sisch)<\/li>\n\n\n\n<li>Ausgezeichnete Kommunikationsf\u00e4higkeiten per E-Mail, Chat, Telefon und im pers\u00f6nlichen Gespr\u00e4ch<\/li>\n\n\n\n<li>Computerkenntnisse: MS Office, Internet<\/li>\n\n\n\n<li>Entschlossenheit und guter Sinn f\u00fcr Humor<\/li>\n<\/ul>\n\n\n\n<p>Gehalt: 350\u20ac pro Monat<\/p>\n\n\n\n<p>Mindestdauer: 6 Monate<\/p>\n\n\n\n<h2 class=\"wp-block-heading\">Praktikum Online Marketing<\/h2>\n\n\n\n<p>In unserer Marketingabteilung erhalten Sie Einblicke in die folgenden Bereiche:<\/p>\n\n\n\n<ul class=\"wp-block-list\">\n<li>Entwicklung von neuen Webportalen<\/li>\n\n\n\n<li>bezahlte Suchkampagnen<\/li>\n\n\n\n<li>seo &amp; linkbuilding<\/li>\n\n\n\n<li>E-Mail-Marketing<\/li>\n\n\n\n<li>soziale Medien<\/li>\n\n\n\n<li>Produktentwicklung<\/li>\n<\/ul>\n\n\n\n<p>Die allgemeine Sprache in unserem internationalen Team ist Englisch. Hervorragende Englischkenntnisse in Wort und Schrift und allgemeine Kenntnisse im Bereich Online-Marketing sind ein Muss.<\/p>\n\n\n\n<p>Spanisch und\/oder eine andere Sprache zu sprechen, ist von Vorteil, aber keine Voraussetzung.<\/p>\n\n\n\n<h3 class=\"wp-block-heading\">Das Profil des Antragstellers:<\/h3>\n\n\n\n<ul class=\"wp-block-list\">\n<li>Student des Marketings, der internationalen Wirtschaft, des Tourismusmanagements oder einer \u00e4hnlichen Laufbahn<\/li>\n\n\n\n<li>Reiseaffinit\u00e4t - schlie\u00dflich machen wir unseren Job, weil wir gerne reisen!<\/li>\n\n\n\n<li>Ausgezeichnetes Englisch in Wort und Schrift, weitere Sprachen von Vorteil (insbesondere Spanisch, Deutsch, Italienisch oder Franz\u00f6sisch)<\/li>\n\n\n\n<li>Erfahrung im Online-Marketing: SEA, SEO, CMS-Systeme, Soziale Medien, Blogging<\/li>\n\n\n\n<li>Entschlossenheit und guter Sinn f\u00fcr Humor<\/li>\n<\/ul>\n\n\n\n<p>Gehalt: 350\u20ac pro Monat<\/p>\n\n\n\n<p>Mindestdauer: 6 Monate<\/p>","protected":false},"excerpt":{"rendered":"<p>We are hiring! Right now, we are offering exciting internship opportunities in Barcelona. Our office is (almost) paperless and we have got&hellip;<\/p>","protected":false},"author":1,"featured_media":0,"parent":0,"menu_order":0,"comment_status":"closed","ping_status":"closed","template":"","meta":{"_acf_changed":false,"inline_featured_image":false,"_uag_custom_page_level_css":"","footnotes":""},"class_list":["post-2594","page","type-page","status-publish","hentry"],"acf":[],"uagb_featured_image_src":{"full":false,"thumbnail":false,"medium":false,"medium_large":false,"large":false,"1536x1536":false,"2048x2048":false,"trp-custom-language-flag":false,"list-item-382":false,"list-item-446":false,"list-item-400":false},"uagb_author_info":{"display_name":"BCN Travel - Christian","author_link":"https:\/\/www.bcn.travel\/de\/author\/mylocaltrip\/"},"uagb_comment_info":0,"uagb_excerpt":"We are hiring! Right now, we are offering exciting internship opportunities in Barcelona. Our office is (almost) paperless and we have got&hellip;","_links":{"self":[{"href":"https:\/\/www.bcn.travel\/de\/wp-json\/wp\/v2\/pages\/2594","targetHints":{"allow":["GET"]}}],"collection":[{"href":"https:\/\/www.bcn.travel\/de\/wp-json\/wp\/v2\/pages"}],"about":[{"href":"https:\/\/www.bcn.travel\/de\/wp-json\/wp\/v2\/types\/page"}],"author":[{"embeddable":true,"href":"https:\/\/www.bcn.travel\/de\/wp-json\/wp\/v2\/users\/1"}],"replies":[{"embeddable":true,"href":"https:\/\/www.bcn.travel\/de\/wp-json\/wp\/v2\/comments?post=2594"}],"version-history":[{"count":4,"href":"https:\/\/www.bcn.travel\/de\/wp-json\/wp\/v2\/pages\/2594\/revisions"}],"predecessor-version":[{"id":251519,"href":"https:\/\/www.bcn.travel\/de\/wp-json\/wp\/v2\/pages\/2594\/revisions\/251519"}],"wp:attachment":[{"href":"https:\/\/www.bcn.travel\/de\/wp-json\/wp\/v2\/media?parent=2594"}],"curies":[{"name":"wp","href":"https:\/\/api.w.org\/{rel}","templated":true}]}}